{"id":117,"date":"2026-03-30T23:35:14","date_gmt":"2026-03-30T21:35:14","guid":{"rendered":"https:\/\/guilde-vignerons-thoronet.com\/index.php\/produit\/bib-cuvee-coquelicot-3l-rose-igp-var\/"},"modified":"2026-03-30T23:35:14","modified_gmt":"2026-03-30T21:35:14","slug":"bib-cuvee-coquelicot-3l-rose-igp-var","status":"publish","type":"product","link":"https:\/\/guilde-vignerons-thoronet.com\/index.php\/produit\/bib-cuvee-coquelicot-3l-rose-igp-var\/","title":{"rendered":"BIB Cuv\u00e9e Coquelicot 3L Ros\u00e9 &#8211; IGP Var"},"content":{"rendered":"<p>Nez intense et ar\u00f4matique <\/p>\n<table class='wine-details'>\n<tr>\n<td><strong>C\u00e9pages<\/strong><\/td>\n<td>Muscat &#8211; Colombard<\/td>\n<\/tr>\n<tr>\n<td><strong>Appellation<\/strong><\/td>\n<td>IGP Var<\/td>\n<\/tr>\n<tr>\n<td><strong>Mill\u00e9sime<\/strong><\/td>\n<td>2024<\/td>\n<\/tr>\n<tr>\n<td><strong>R\u00e9gion<\/strong><\/td>\n<td>Provence<\/td>\n<\/tr>\n<tr>\n<td><strong>Alcool<\/strong><\/td>\n<td>13.5%<\/td>\n<\/tr>\n<tr>\n<td><strong>Garde<\/strong><\/td>\n<td>Pr\u00eat \u00e0 boire<\/td>\n<\/tr>\n<tr>\n<td><strong>Temp\u00e9rature de service<\/strong><\/td>\n<td>8\u00b0C<\/td>\n<\/tr>\n<tr>\n<td><strong>Contenance<\/strong><\/td>\n<td>300 cl<\/td>\n<\/tr>\n<\/table>\n","protected":false},"excerpt":{"rendered":"<p>Nez intense et ar\u00f4matique <\/p>\n","protected":false},"featured_media":0,"comment_status":"open","ping_status":"closed","template":"","meta":[],"product_brand":[],"product_cat":[28,24,20],"product_tag":[68,69],"class_list":{"0":"post-117","1":"product","2":"type-product","3":"status-publish","5":"product_cat-cuvee-coquelicot","6":"product_cat-igp-var","7":"product_cat-rose","8":"product_tag-bib-3l-rose-var","9":"product_tag-coquelicot-bib","11":"first","12":"instock","13":"shipping-taxable","14":"purchasable","15":"product-type-simple"},"jetpack_sharing_enabled":true,"_links":{"self":[{"href":"https:\/\/guilde-vignerons-thoronet.com\/index.php\/wp-json\/wp\/v2\/product\/117","targetHints":{"allow":["GET"]}}],"collection":[{"href":"https:\/\/guilde-vignerons-thoronet.com\/index.php\/wp-json\/wp\/v2\/product"}],"about":[{"href":"https:\/\/guilde-vignerons-thoronet.com\/index.php\/wp-json\/wp\/v2\/types\/product"}],"replies":[{"embeddable":true,"href":"https:\/\/guilde-vignerons-thoronet.com\/index.php\/wp-json\/wp\/v2\/comments?post=117"}],"wp:attachment":[{"href":"https:\/\/guilde-vignerons-thoronet.com\/index.php\/wp-json\/wp\/v2\/media?parent=117"}],"wp:term":[{"taxonomy":"product_brand","embeddable":true,"href":"https:\/\/guilde-vignerons-thoronet.com\/index.php\/wp-json\/wp\/v2\/product_brand?post=117"},{"taxonomy":"product_cat","embeddable":true,"href":"https:\/\/guilde-vignerons-thoronet.com\/index.php\/wp-json\/wp\/v2\/product_cat?post=117"},{"taxonomy":"product_tag","embeddable":true,"href":"https:\/\/guilde-vignerons-thoronet.com\/index.php\/wp-json\/wp\/v2\/product_tag?post=117"}],"curies":[{"name":"wp","href":"https:\/\/api.w.org\/{rel}","templated":true}]}}