{"id":115,"date":"2026-03-30T23:35:10","date_gmt":"2026-03-30T21:35:10","guid":{"rendered":"https:\/\/guilde-vignerons-thoronet.com\/index.php\/produit\/bib-5l-igp-var\/"},"modified":"2026-03-30T23:35:10","modified_gmt":"2026-03-30T21:35:10","slug":"bib-5l-igp-var","status":"publish","type":"product","link":"https:\/\/guilde-vignerons-thoronet.com\/index.php\/produit\/bib-5l-igp-var\/","title":{"rendered":"BIB 5L &#8211; IGP Var"},"content":{"rendered":"<table class='wine-details'>\n<tr>\n<td><strong>Appellation<\/strong><\/td>\n<td>IGP Var<\/td>\n<\/tr>\n<tr>\n<td><strong>Mill\u00e9sime<\/strong><\/td>\n<td>2024<\/td>\n<\/tr>\n<tr>\n<td><strong>R\u00e9gion<\/strong><\/td>\n<td>Provence<\/td>\n<\/tr>\n<tr>\n<td><strong>Alcool<\/strong><\/td>\n<td>13.5%<\/td>\n<\/tr>\n<tr>\n<td><strong>Garde<\/strong><\/td>\n<td>Pr\u00eat \u00e0 boire<\/td>\n<\/tr>\n<tr>\n<td><strong>Contenance<\/strong><\/td>\n<td>500 cl<\/td>\n<\/tr>\n<\/table>\n","protected":false},"excerpt":{"rendered":"<p>Appellation IGP Var Mill\u00e9sime 2024 R\u00e9gion Provence Alcool 13.5% Garde Pr\u00eat \u00e0 boire Contenance 500 cl<\/p>\n","protected":false},"featured_media":0,"comment_status":"open","ping_status":"closed","template":"","meta":[],"product_brand":[],"product_cat":[30,24],"product_tag":[65,64],"class_list":{"0":"post-115","1":"product","2":"type-product","3":"status-publish","5":"product_cat-bag-in-box","6":"product_cat-igp-var","7":"product_tag-bag-in-box-5l-var","8":"product_tag-bib-igp-var","10":"first","11":"instock","12":"shipping-taxable","13":"purchasable","14":"product-type-simple"},"jetpack_sharing_enabled":true,"_links":{"self":[{"href":"https:\/\/guilde-vignerons-thoronet.com\/index.php\/wp-json\/wp\/v2\/product\/115","targetHints":{"allow":["GET"]}}],"collection":[{"href":"https:\/\/guilde-vignerons-thoronet.com\/index.php\/wp-json\/wp\/v2\/product"}],"about":[{"href":"https:\/\/guilde-vignerons-thoronet.com\/index.php\/wp-json\/wp\/v2\/types\/product"}],"replies":[{"embeddable":true,"href":"https:\/\/guilde-vignerons-thoronet.com\/index.php\/wp-json\/wp\/v2\/comments?post=115"}],"wp:attachment":[{"href":"https:\/\/guilde-vignerons-thoronet.com\/index.php\/wp-json\/wp\/v2\/media?parent=115"}],"wp:term":[{"taxonomy":"product_brand","embeddable":true,"href":"https:\/\/guilde-vignerons-thoronet.com\/index.php\/wp-json\/wp\/v2\/product_brand?post=115"},{"taxonomy":"product_cat","embeddable":true,"href":"https:\/\/guilde-vignerons-thoronet.com\/index.php\/wp-json\/wp\/v2\/product_cat?post=115"},{"taxonomy":"product_tag","embeddable":true,"href":"https:\/\/guilde-vignerons-thoronet.com\/index.php\/wp-json\/wp\/v2\/product_tag?post=115"}],"curies":[{"name":"wp","href":"https:\/\/api.w.org\/{rel}","templated":true}]}}