{"id":110,"date":"2026-03-30T23:35:00","date_gmt":"2026-03-30T21:35:00","guid":{"rendered":"https:\/\/guilde-vignerons-thoronet.com\/index.php\/produit\/brut-blanc-bulles-igp-var\/"},"modified":"2026-03-30T23:35:00","modified_gmt":"2026-03-30T21:35:00","slug":"brut-blanc-bulles-igp-var","status":"publish","type":"product","link":"https:\/\/guilde-vignerons-thoronet.com\/index.php\/produit\/brut-blanc-bulles-igp-var\/","title":{"rendered":"Brut Blanc &#8211; Bulles IGP Var"},"content":{"rendered":"<table class='wine-details'>\n<tr>\n<td><strong>C\u00e9pages<\/strong><\/td>\n<td>Rolle &#8211; Ugni blanc<\/td>\n<\/tr>\n<tr>\n<td><strong>Appellation<\/strong><\/td>\n<td>IGP Var<\/td>\n<\/tr>\n<tr>\n<td><strong>R\u00e9gion<\/strong><\/td>\n<td>Provence<\/td>\n<\/tr>\n<tr>\n<td><strong>Alcool<\/strong><\/td>\n<td>13.5%<\/td>\n<\/tr>\n<tr>\n<td><strong>Garde<\/strong><\/td>\n<td>Pr\u00eat \u00e0 boire<\/td>\n<\/tr>\n<tr>\n<td><strong>Temp\u00e9rature de service<\/strong><\/td>\n<td>6\u00b0C<\/td>\n<\/tr>\n<\/table>\n","protected":false},"excerpt":{"rendered":"<p>C\u00e9pages Rolle &#8211; Ugni blanc Appellation IGP Var R\u00e9gion Provence Alcool 13.5% Garde Pr\u00eat \u00e0 boire Temp\u00e9rature de service 6\u00b0C<\/p>\n","protected":false},"featured_media":0,"comment_status":"open","ping_status":"closed","template":"","meta":[],"product_brand":[],"product_cat":[22,29,24],"product_tag":[55,54],"class_list":{"0":"post-110","1":"product","2":"type-product","3":"status-publish","5":"product_cat-blanc","6":"product_cat-bulles","7":"product_cat-igp-var","8":"product_tag-bulles-provence","9":"product_tag-vin-effervescent-var","11":"first","12":"instock","13":"shipping-taxable","14":"purchasable","15":"product-type-simple"},"jetpack_sharing_enabled":true,"_links":{"self":[{"href":"https:\/\/guilde-vignerons-thoronet.com\/index.php\/wp-json\/wp\/v2\/product\/110","targetHints":{"allow":["GET"]}}],"collection":[{"href":"https:\/\/guilde-vignerons-thoronet.com\/index.php\/wp-json\/wp\/v2\/product"}],"about":[{"href":"https:\/\/guilde-vignerons-thoronet.com\/index.php\/wp-json\/wp\/v2\/types\/product"}],"replies":[{"embeddable":true,"href":"https:\/\/guilde-vignerons-thoronet.com\/index.php\/wp-json\/wp\/v2\/comments?post=110"}],"wp:attachment":[{"href":"https:\/\/guilde-vignerons-thoronet.com\/index.php\/wp-json\/wp\/v2\/media?parent=110"}],"wp:term":[{"taxonomy":"product_brand","embeddable":true,"href":"https:\/\/guilde-vignerons-thoronet.com\/index.php\/wp-json\/wp\/v2\/product_brand?post=110"},{"taxonomy":"product_cat","embeddable":true,"href":"https:\/\/guilde-vignerons-thoronet.com\/index.php\/wp-json\/wp\/v2\/product_cat?post=110"},{"taxonomy":"product_tag","embeddable":true,"href":"https:\/\/guilde-vignerons-thoronet.com\/index.php\/wp-json\/wp\/v2\/product_tag?post=110"}],"curies":[{"name":"wp","href":"https:\/\/api.w.org\/{rel}","templated":true}]}}