{"id":107,"date":"2026-03-30T23:34:54","date_gmt":"2026-03-30T21:34:54","guid":{"rendered":"https:\/\/guilde-vignerons-thoronet.com\/index.php\/produit\/cuvee-coquelicot-rouge-igp-var\/"},"modified":"2026-03-30T23:38:25","modified_gmt":"2026-03-30T21:38:25","slug":"cuvee-coquelicot-rouge-igp-var","status":"publish","type":"product","link":"https:\/\/guilde-vignerons-thoronet.com\/index.php\/produit\/cuvee-coquelicot-rouge-igp-var\/","title":{"rendered":"Cuv\u00e9e Coquelicot Rouge &#8211; IGP Var"},"content":{"rendered":"<table class='wine-details'>\n<tr>\n<td><strong>C\u00e9pages<\/strong><\/td>\n<td>Merlot<\/td>\n<\/tr>\n<tr>\n<td><strong>Appellation<\/strong><\/td>\n<td>IGP Var<\/td>\n<\/tr>\n<tr>\n<td><strong>Mill\u00e9sime<\/strong><\/td>\n<td>2024<\/td>\n<\/tr>\n<tr>\n<td><strong>R\u00e9gion<\/strong><\/td>\n<td>Provence<\/td>\n<\/tr>\n<tr>\n<td><strong>Alcool<\/strong><\/td>\n<td>13.5%<\/td>\n<\/tr>\n<tr>\n<td><strong>Garde<\/strong><\/td>\n<td>Pr\u00eat \u00e0 boire<\/td>\n<\/tr>\n<tr>\n<td><strong>Temp\u00e9rature de service<\/strong><\/td>\n<td>16\u00b0C<\/td>\n<\/tr>\n<\/table>\n","protected":false},"excerpt":{"rendered":"<p>C\u00e9pages Merlot Appellation IGP Var Mill\u00e9sime 2024 R\u00e9gion Provence Alcool 13.5% Garde Pr\u00eat \u00e0 boire Temp\u00e9rature de service 16\u00b0C<\/p>\n","protected":false},"featured_media":126,"comment_status":"open","ping_status":"closed","template":"","meta":[],"product_brand":[],"product_cat":[28,24,21],"product_tag":[50,49],"class_list":{"0":"post-107","1":"product","2":"type-product","3":"status-publish","4":"has-post-thumbnail","6":"product_cat-cuvee-coquelicot","7":"product_cat-igp-var","8":"product_cat-rouge","9":"product_tag-coquelicot-rouge","10":"product_tag-rouge-igp-var","12":"first","13":"instock","14":"shipping-taxable","15":"purchasable","16":"product-type-simple"},"jetpack_sharing_enabled":true,"_links":{"self":[{"href":"https:\/\/guilde-vignerons-thoronet.com\/index.php\/wp-json\/wp\/v2\/product\/107","targetHints":{"allow":["GET"]}}],"collection":[{"href":"https:\/\/guilde-vignerons-thoronet.com\/index.php\/wp-json\/wp\/v2\/product"}],"about":[{"href":"https:\/\/guilde-vignerons-thoronet.com\/index.php\/wp-json\/wp\/v2\/types\/product"}],"replies":[{"embeddable":true,"href":"https:\/\/guilde-vignerons-thoronet.com\/index.php\/wp-json\/wp\/v2\/comments?post=107"}],"wp:featuredmedia":[{"embeddable":true,"href":"https:\/\/guilde-vignerons-thoronet.com\/index.php\/wp-json\/wp\/v2\/media\/126"}],"wp:attachment":[{"href":"https:\/\/guilde-vignerons-thoronet.com\/index.php\/wp-json\/wp\/v2\/media?parent=107"}],"wp:term":[{"taxonomy":"product_brand","embeddable":true,"href":"https:\/\/guilde-vignerons-thoronet.com\/index.php\/wp-json\/wp\/v2\/product_brand?post=107"},{"taxonomy":"product_cat","embeddable":true,"href":"https:\/\/guilde-vignerons-thoronet.com\/index.php\/wp-json\/wp\/v2\/product_cat?post=107"},{"taxonomy":"product_tag","embeddable":true,"href":"https:\/\/guilde-vignerons-thoronet.com\/index.php\/wp-json\/wp\/v2\/product_tag?post=107"}],"curies":[{"name":"wp","href":"https:\/\/api.w.org\/{rel}","templated":true}]}}