{"id":233,"date":"2026-04-01T12:00:59","date_gmt":"2026-04-01T10:00:59","guid":{"rendered":"https:\/\/guilde-vignerons-thoronet.com\/?page_id=233"},"modified":"2026-04-02T10:16:33","modified_gmt":"2026-04-02T08:16:33","slug":"notre-histoire","status":"publish","type":"page","link":"https:\/\/guilde-vignerons-thoronet.com\/index.php\/notre-histoire\/","title":{"rendered":"Notre histoire"},"content":{"rendered":"\t\t<div data-elementor-type=\"wp-page\" data-elementor-id=\"233\" class=\"elementor elementor-233\" data-elementor-post-type=\"page\">\n\t\t\t\t<div class=\"elementor-element elementor-element-2c6d71d0 e-con-full e-flex e-con e-parent\" data-id=\"2c6d71d0\" data-element_type=\"container\" data-e-type=\"container\" data-settings=\"{&quot;background_background&quot;:&quot;slideshow&quot;,&quot;background_slideshow_gallery&quot;:[{&quot;id&quot;:176,&quot;url&quot;:&quot;https:\\\/\\\/guilde-vignerons-thoronet.com\\\/wp-content\\\/uploads\\\/2026\\\/03\\\/128A9223.jpg&quot;}],&quot;background_slideshow_loop&quot;:&quot;yes&quot;,&quot;background_slideshow_slide_duration&quot;:5000,&quot;background_slideshow_slide_transition&quot;:&quot;fade&quot;,&quot;background_slideshow_transition_duration&quot;:500}\">\n\t\t<div class=\"elementor-element elementor-element-6c294f1 e-con-full e-flex e-con e-child\" data-id=\"6c294f1\" data-element_type=\"container\" data-e-type=\"container\">\n\t\t<div class=\"elementor-element elementor-element-d016d73 e-con-full e-flex e-con e-child\" data-id=\"d016d73\" data-element_type=\"container\" data-e-type=\"container\" data-settings=\"{&quot;background_background&quot;:&quot;classic&quot;}\">\n\t\t\t\t<div class=\"elementor-element elementor-element-fcb98e2 elementor-widget elementor-widget-heading\" data-id=\"fcb98e2\" data-element_type=\"widget\" data-e-type=\"widget\" data-widget_type=\"heading.default\">\n\t\t\t\t\t<h3 class=\"elementor-heading-title elementor-size-default\">Notre histoire<\/h3>\t\t\t\t<\/div>\n\t\t\t\t<\/div>\n\t\t\t\t<\/div>\n\t\t\t\t<\/div>\n\t\t<div class=\"elementor-element elementor-element-79da72ff e-con-full e-flex e-con e-parent\" data-id=\"79da72ff\" data-element_type=\"container\" data-e-type=\"container\" data-settings=\"{&quot;background_background&quot;:&quot;classic&quot;}\">\n\t\t<div class=\"elementor-element elementor-element-3d92f40d e-con-full e-flex e-con e-child\" data-id=\"3d92f40d\" data-element_type=\"container\" data-e-type=\"container\">\n\t\t\t\t<div class=\"elementor-element elementor-element-580f27d elementor-widget elementor-widget-heading\" data-id=\"580f27d\" data-element_type=\"widget\" data-e-type=\"widget\" data-widget_type=\"heading.default\">\n\t\t\t\t\t<h3 class=\"elementor-heading-title elementor-size-default\">Dans un verre de vin de la Guilde, on go\u00fbte vingt-six si\u00e8cles de Provence :<\/h3>\t\t\t\t<\/div>\n\t\t\t\t<div class=\"elementor-element elementor-element-2922962d elementor-widget elementor-widget-text-editor\" data-id=\"2922962d\" data-element_type=\"widget\" data-e-type=\"widget\" data-widget_type=\"text-editor.default\">\n\t\t\t\t\t\t\t\t\t<p><br \/>la vigne arriv\u00e9e avec les Phoc\u00e9ens, les gestes affin\u00e9s au fil du temps,<br \/>la m\u00e9moire des terres qui n\u2019ont jamais cess\u00e9 de porter du vin.<\/p><p>Cette m\u00e9moire ne rel\u00e8ve pas du pass\u00e9. Elle vit encore ici, \u00e0 quelques minutes de l\u2019Abbaye du Thoronet, o\u00f9 nos vigneronnes et vignerons perp\u00e9tuent chaque jour une fid\u00e9lit\u00e9 faite de patience, de savoir-faire et de respect du terroir.<\/p>\t\t\t\t\t\t\t\t<\/div>\n\t\t\t\t<\/div>\n\t\t<div class=\"elementor-element elementor-element-6898777b e-con-full e-flex e-con e-child\" data-id=\"6898777b\" data-element_type=\"container\" data-e-type=\"container\" data-settings=\"{&quot;background_background&quot;:&quot;classic&quot;}\">\n\t\t\t\t<div class=\"elementor-element elementor-element-3b30c063 elementor-widget elementor-widget-image\" data-id=\"3b30c063\" data-element_type=\"widget\" data-e-type=\"widget\" data-widget_type=\"image.default\">\n\t\t\t\t\t\t\t\t\t\t\t\t\t\t\t<img fetchpriority=\"high\" decoding=\"async\" width=\"683\" height=\"1024\" src=\"https:\/\/guilde-vignerons-thoronet.com\/wp-content\/uploads\/2026\/03\/128A0473-683x1024.jpg\" class=\"attachment-large size-large wp-image-170\" alt=\"\" srcset=\"https:\/\/guilde-vignerons-thoronet.com\/wp-content\/uploads\/2026\/03\/128A0473-683x1024.jpg 683w, https:\/\/guilde-vignerons-thoronet.com\/wp-content\/uploads\/2026\/03\/128A0473-200x300.jpg 200w, https:\/\/guilde-vignerons-thoronet.com\/wp-content\/uploads\/2026\/03\/128A0473-768x1151.jpg 768w, https:\/\/guilde-vignerons-thoronet.com\/wp-content\/uploads\/2026\/03\/128A0473-1025x1536.jpg 1025w, https:\/\/guilde-vignerons-thoronet.com\/wp-content\/uploads\/2026\/03\/128A0473-600x899.jpg 600w, https:\/\/guilde-vignerons-thoronet.com\/wp-content\/uploads\/2026\/03\/128A0473.jpg 1281w\" sizes=\"(max-width: 683px) 100vw, 683px\" \/>\t\t\t\t\t\t\t\t\t\t\t\t\t\t\t<\/div>\n\t\t\t\t<\/div>\n\t\t\t\t<\/div>\n\t\t<div class=\"elementor-element elementor-element-2f58e30b e-con-full e-flex e-con e-parent\" data-id=\"2f58e30b\" data-element_type=\"container\" data-e-type=\"container\" data-settings=\"{&quot;background_background&quot;:&quot;classic&quot;}\">\n\t\t<div class=\"elementor-element elementor-element-5f27088a e-con-full e-flex e-con e-child\" data-id=\"5f27088a\" data-element_type=\"container\" data-e-type=\"container\">\n\t\t\t\t<div class=\"elementor-element elementor-element-7251243d elementor-widget elementor-widget-image\" data-id=\"7251243d\" data-element_type=\"widget\" data-e-type=\"widget\" data-widget_type=\"image.default\">\n\t\t\t\t\t\t\t\t\t\t\t\t\t\t\t<img decoding=\"async\" width=\"683\" height=\"1024\" src=\"https:\/\/guilde-vignerons-thoronet.com\/wp-content\/uploads\/2026\/04\/128A9842-683x1024.jpg\" class=\"attachment-large size-large wp-image-244\" alt=\"\" srcset=\"https:\/\/guilde-vignerons-thoronet.com\/wp-content\/uploads\/2026\/04\/128A9842-683x1024.jpg 683w, https:\/\/guilde-vignerons-thoronet.com\/wp-content\/uploads\/2026\/04\/128A9842-200x300.jpg 200w, https:\/\/guilde-vignerons-thoronet.com\/wp-content\/uploads\/2026\/04\/128A9842-768x1151.jpg 768w, https:\/\/guilde-vignerons-thoronet.com\/wp-content\/uploads\/2026\/04\/128A9842-1025x1536.jpg 1025w, https:\/\/guilde-vignerons-thoronet.com\/wp-content\/uploads\/2026\/04\/128A9842-600x899.jpg 600w, https:\/\/guilde-vignerons-thoronet.com\/wp-content\/uploads\/2026\/04\/128A9842.jpg 1281w\" sizes=\"(max-width: 683px) 100vw, 683px\" \/>\t\t\t\t\t\t\t\t\t\t\t\t\t\t\t<\/div>\n\t\t\t\t<\/div>\n\t\t<div class=\"elementor-element elementor-element-37d62836 e-con-full e-flex e-con e-child\" data-id=\"37d62836\" data-element_type=\"container\" data-e-type=\"container\">\n\t\t\t\t<div class=\"elementor-element elementor-element-506cedea elementor-widget elementor-widget-heading\" data-id=\"506cedea\" data-element_type=\"widget\" data-e-type=\"widget\" data-widget_type=\"heading.default\">\n\t\t\t\t\t<h2 class=\"elementor-heading-title elementor-size-default\">Les origines<\/h2>\t\t\t\t<\/div>\n\t\t\t\t<div class=\"elementor-element elementor-element-45eac2ae elementor-widget elementor-widget-text-editor\" data-id=\"45eac2ae\" data-element_type=\"widget\" data-e-type=\"widget\" data-widget_type=\"text-editor.default\">\n\t\t\t\t\t\t\t\t\t<p><strong>1913 Le Thoronet : l\u2019audace d\u2019unir ses forces<br \/><\/strong><br \/>L\u2019histoire locale commence en 1913, au Thoronet. Le 24 d\u00e9cembre, soixante-quatorze vignerons choisissent de s\u2019unir et fondent La Thoron\u00e9enne, sous la pr\u00e9sidence de M. Edmond F\u00e9raud. Chacun investit 200 francs de l\u2019\u00e9poque : 800 parts, soit 20 000 francs, un engagement qui dit beaucoup de leur volont\u00e9 de b\u00e2tir ensemble un outil commun.<br \/>Les ann\u00e9es fa\u00e7onnent ensuite la cave.<br \/>Le b\u00e2timent que l\u2019on voit aujourd\u2019hui, \u00e0 l\u2019entr\u00e9e du village, porte encore la trace de ces g\u00e9n\u00e9rations qui ont construit pierre apr\u00e8s pierre une v\u00e9ritable maison de vignerons.<\/p><p><strong>1922 Le Cannet-des-Maures : une seconde histoire s\u2019\u00e9crit<br \/><\/strong><br \/>En 1922, une autre aventure coop\u00e9rative na\u00eet au Cannet-des-Maures.<br \/>Sous la pr\u00e9sidence de M. Alix Barbaroux, qui dirigera la cave jusqu\u2019en 1933, voit le jour La Cannetoise. Elle se d\u00e9veloppe elle aussi, accompagne les vignerons du village, suit le rythme des vendanges et des saisons. Pendant pr\u00e8s d\u2019un si\u00e8cle, deux caves vivent ainsi c\u00f4te \u00e0 c\u00f4te. Deux architectures, deux paysages, deux m\u00e9moires.<br \/>Et parfois, les m\u00eames familles, coop\u00e9ratrices ici comme l\u00e0-bas, tissant un lien discret mais profond entre Le Thoronet et Le Cannet-des-Maures.<\/p>\t\t\t\t\t\t\t\t<\/div>\n\t\t\t\t<\/div>\n\t\t\t\t<\/div>\n\t\t<div class=\"elementor-element elementor-element-705c996 e-con-full e-flex e-con e-parent\" data-id=\"705c996\" data-element_type=\"container\" data-e-type=\"container\" data-settings=\"{&quot;background_background&quot;:&quot;classic&quot;}\">\n\t\t<div class=\"elementor-element elementor-element-3a9d1f1 e-con-full e-flex e-con e-child\" data-id=\"3a9d1f1\" data-element_type=\"container\" data-e-type=\"container\">\n\t\t\t\t<div class=\"elementor-element elementor-element-5589daf elementor-widget elementor-widget-heading\" data-id=\"5589daf\" data-element_type=\"widget\" data-e-type=\"widget\" data-widget_type=\"heading.default\">\n\t\t\t\t\t<h2 class=\"elementor-heading-title elementor-size-default\">Evolutions et moments cl\u00e9s<\/h2>\t\t\t\t<\/div>\n\t\t\t\t<div class=\"elementor-element elementor-element-58d5ef9 elementor-widget elementor-widget-text-editor\" data-id=\"58d5ef9\" data-element_type=\"widget\" data-e-type=\"widget\" data-widget_type=\"text-editor.default\">\n\t\t\t\t\t\t\t\t\t<p><strong>2002 Quand deux histoires n\u2019en forment plus qu\u2019une<br \/><\/strong><br \/>En 2002, les chemins se rejoignent. La Thoron\u00e9enne et La Cannetoise unissent leurs forces, leurs savoir-faire et leurs h\u00e9ritages pour devenir La Guilde des Vignerons du C\u0153ur du Var.<br \/>Aujourd\u2019hui, une quarantaine de vigneronnes et vignerons cultivent pr\u00e8s de 250 hectares en AOC C\u00f4tes de Provence et IGP Var.<br \/><br \/>Leurs vins portent la m\u00e9moire des lieux : celle des murs centenaires, des sols travaill\u00e9s, des gestes transmis, des familles qui ont fait vivre deux caves avant d\u2019en faire une seule.<br \/><br \/>Et si les racines plongent loin dans le temps, l\u2019\u00e9lan reste intact : une communaut\u00e9 soud\u00e9e, unie autour d\u2019un terroir, d\u2019un savoir-faire partag\u00e9 et d\u2019une volont\u00e9 commune de faire rayonner le c\u0153ur du Var dans chaque bouteille.<\/p>\t\t\t\t\t\t\t\t<\/div>\n\t\t\t\t<\/div>\n\t\t<div class=\"elementor-element elementor-element-d3c7f8c e-con-full e-flex e-con e-child\" data-id=\"d3c7f8c\" data-element_type=\"container\" data-e-type=\"container\">\n\t\t\t\t<div class=\"elementor-element elementor-element-82c5e24 elementor-widget elementor-widget-image\" data-id=\"82c5e24\" data-element_type=\"widget\" data-e-type=\"widget\" data-widget_type=\"image.default\">\n\t\t\t\t\t\t\t\t\t\t\t\t\t\t\t<img decoding=\"async\" width=\"683\" height=\"1024\" src=\"https:\/\/guilde-vignerons-thoronet.com\/wp-content\/uploads\/2026\/03\/128A0681-683x1024.jpg\" class=\"attachment-large size-large wp-image-173\" alt=\"\" srcset=\"https:\/\/guilde-vignerons-thoronet.com\/wp-content\/uploads\/2026\/03\/128A0681-683x1024.jpg 683w, https:\/\/guilde-vignerons-thoronet.com\/wp-content\/uploads\/2026\/03\/128A0681-200x300.jpg 200w, https:\/\/guilde-vignerons-thoronet.com\/wp-content\/uploads\/2026\/03\/128A0681-768x1151.jpg 768w, https:\/\/guilde-vignerons-thoronet.com\/wp-content\/uploads\/2026\/03\/128A0681-1025x1536.jpg 1025w, https:\/\/guilde-vignerons-thoronet.com\/wp-content\/uploads\/2026\/03\/128A0681-600x899.jpg 600w, https:\/\/guilde-vignerons-thoronet.com\/wp-content\/uploads\/2026\/03\/128A0681.jpg 1281w\" sizes=\"(max-width: 683px) 100vw, 683px\" \/>\t\t\t\t\t\t\t\t\t\t\t\t\t\t\t<\/div>\n\t\t\t\t<\/div>\n\t\t\t\t<\/div>\n\t\t<div class=\"elementor-element elementor-element-9723721 e-con-full e-flex e-con e-parent\" data-id=\"9723721\" data-element_type=\"container\" data-e-type=\"container\" data-settings=\"{&quot;background_background&quot;:&quot;classic&quot;}\">\n\t\t<div class=\"elementor-element elementor-element-36c2534 e-con-full e-flex e-con e-child\" data-id=\"36c2534\" data-element_type=\"container\" data-e-type=\"container\">\n\t\t\t\t<div class=\"elementor-element elementor-element-b5cb03a elementor-widget elementor-widget-image\" data-id=\"b5cb03a\" data-element_type=\"widget\" data-e-type=\"widget\" data-widget_type=\"image.default\">\n\t\t\t\t\t\t\t\t\t\t\t\t\t\t\t<img loading=\"lazy\" decoding=\"async\" width=\"683\" height=\"1024\" src=\"https:\/\/guilde-vignerons-thoronet.com\/wp-content\/uploads\/2026\/03\/128A7223-683x1024.jpg\" class=\"attachment-large size-large wp-image-174\" alt=\"\" srcset=\"https:\/\/guilde-vignerons-thoronet.com\/wp-content\/uploads\/2026\/03\/128A7223-683x1024.jpg 683w, https:\/\/guilde-vignerons-thoronet.com\/wp-content\/uploads\/2026\/03\/128A7223-200x300.jpg 200w, https:\/\/guilde-vignerons-thoronet.com\/wp-content\/uploads\/2026\/03\/128A7223-768x1151.jpg 768w, https:\/\/guilde-vignerons-thoronet.com\/wp-content\/uploads\/2026\/03\/128A7223-1025x1536.jpg 1025w, https:\/\/guilde-vignerons-thoronet.com\/wp-content\/uploads\/2026\/03\/128A7223-600x899.jpg 600w, https:\/\/guilde-vignerons-thoronet.com\/wp-content\/uploads\/2026\/03\/128A7223.jpg 1281w\" sizes=\"(max-width: 683px) 100vw, 683px\" \/>\t\t\t\t\t\t\t\t\t\t\t\t\t\t\t<\/div>\n\t\t\t\t<\/div>\n\t\t<div class=\"elementor-element elementor-element-2806d6a e-con-full e-flex e-con e-child\" data-id=\"2806d6a\" data-element_type=\"container\" data-e-type=\"container\">\n\t\t<div class=\"elementor-element elementor-element-73e53c1 e-con-full e-flex e-con e-child\" data-id=\"73e53c1\" data-element_type=\"container\" data-e-type=\"container\">\n\t\t\t\t<div class=\"elementor-element elementor-element-4655612 elementor-widget elementor-widget-heading\" data-id=\"4655612\" data-element_type=\"widget\" data-e-type=\"widget\" data-widget_type=\"heading.default\">\n\t\t\t\t\t<h2 class=\"elementor-heading-title elementor-size-default\">Aujourd'hui<\/h2>\t\t\t\t<\/div>\n\t\t\t\t<div class=\"elementor-element elementor-element-8f88d9d elementor-widget elementor-widget-counter\" data-id=\"8f88d9d\" data-element_type=\"widget\" data-e-type=\"widget\" data-widget_type=\"counter.default\">\n\t\t\t\t\t\t\t<div class=\"elementor-counter\">\n\t\t\t<div class=\"elementor-counter-title\">vignerons<\/div>\t\t\t<div class=\"elementor-counter-number-wrapper\">\n\t\t\t\t<span class=\"elementor-counter-number-prefix\"><\/span>\n\t\t\t\t<span class=\"elementor-counter-number\" data-duration=\"2000\" data-to-value=\"9\" data-from-value=\"0\" data-delimiter=\",\">0<\/span>\n\t\t\t\t<span class=\"elementor-counter-number-suffix\"><\/span>\n\t\t\t<\/div>\n\t\t<\/div>\n\t\t\t\t\t\t<\/div>\n\t\t\t\t<div class=\"elementor-element elementor-element-18a1a58 elementor-widget elementor-widget-counter\" data-id=\"18a1a58\" data-element_type=\"widget\" data-e-type=\"widget\" data-widget_type=\"counter.default\">\n\t\t\t\t\t\t\t<div class=\"elementor-counter\">\n\t\t\t<div class=\"elementor-counter-title\">hectares de vignes<\/div>\t\t\t<div class=\"elementor-counter-number-wrapper\">\n\t\t\t\t<span class=\"elementor-counter-number-prefix\"><\/span>\n\t\t\t\t<span class=\"elementor-counter-number\" data-duration=\"2000\" data-to-value=\"60\" data-from-value=\"0\" data-delimiter=\",\">0<\/span>\n\t\t\t\t<span class=\"elementor-counter-number-suffix\"><\/span>\n\t\t\t<\/div>\n\t\t<\/div>\n\t\t\t\t\t\t<\/div>\n\t\t\t\t<div class=\"elementor-element elementor-element-a1fce4d elementor-widget elementor-widget-counter\" data-id=\"a1fce4d\" data-element_type=\"widget\" data-e-type=\"widget\" data-widget_type=\"counter.default\">\n\t\t\t\t\t\t\t<div class=\"elementor-counter\">\n\t\t\t<div class=\"elementor-counter-title\">litres produits<\/div>\t\t\t<div class=\"elementor-counter-number-wrapper\">\n\t\t\t\t<span class=\"elementor-counter-number-prefix\"><\/span>\n\t\t\t\t<span class=\"elementor-counter-number\" data-duration=\"2000\" data-to-value=\"12000\" data-from-value=\"0\" data-delimiter=\" \">0<\/span>\n\t\t\t\t<span class=\"elementor-counter-number-suffix\"><\/span>\n\t\t\t<\/div>\n\t\t<\/div>\n\t\t\t\t\t\t<\/div>\n\t\t\t\t<div class=\"elementor-element elementor-element-93372e9 elementor-widget elementor-widget-counter\" data-id=\"93372e9\" data-element_type=\"widget\" data-e-type=\"widget\" data-widget_type=\"counter.default\">\n\t\t\t\t\t\t\t<div class=\"elementor-counter\">\n\t\t\t<div class=\"elementor-counter-title\">c\u00e9pages<\/div>\t\t\t<div class=\"elementor-counter-number-wrapper\">\n\t\t\t\t<span class=\"elementor-counter-number-prefix\"><\/span>\n\t\t\t\t<span class=\"elementor-counter-number\" data-duration=\"2000\" data-to-value=\"6\" data-from-value=\"0\" data-delimiter=\" \">0<\/span>\n\t\t\t\t<span class=\"elementor-counter-number-suffix\"><\/span>\n\t\t\t<\/div>\n\t\t<\/div>\n\t\t\t\t\t\t<\/div>\n\t\t\t\t<div class=\"elementor-element elementor-element-9573a11 elementor-widget elementor-widget-counter\" data-id=\"9573a11\" data-element_type=\"widget\" data-e-type=\"widget\" data-widget_type=\"counter.default\">\n\t\t\t\t\t\t\t<div class=\"elementor-counter\">\n\t\t\t<div class=\"elementor-counter-title\">AOP<\/div>\t\t\t<div class=\"elementor-counter-number-wrapper\">\n\t\t\t\t<span class=\"elementor-counter-number-prefix\"><\/span>\n\t\t\t\t<span class=\"elementor-counter-number\" data-duration=\"2000\" data-to-value=\"8\" data-from-value=\"0\" data-delimiter=\" \">0<\/span>\n\t\t\t\t<span class=\"elementor-counter-number-suffix\"><\/span>\n\t\t\t<\/div>\n\t\t<\/div>\n\t\t\t\t\t\t<\/div>\n\t\t\t\t<\/div>\n\t\t\t\t<\/div>\n\t\t\t\t<\/div>\n\t\t\t\t<\/div>\n\t\t","protected":false},"excerpt":{"rendered":"<p>Notre histoire Dans un verre de vin de la Guilde, on go\u00fbte vingt-six si\u00e8cles de Provence : la vigne arriv\u00e9e avec les Phoc\u00e9ens, les gestes affin\u00e9s au fil du temps,la m\u00e9moire des terres qui n\u2019ont jamais cess\u00e9 de porter du vin. Cette m\u00e9moire ne rel\u00e8ve pas du pass\u00e9. Elle vit encore ici, \u00e0 quelques minutes [&hellip;]<\/p>\n","protected":false},"author":1,"featured_media":0,"parent":0,"menu_order":0,"comment_status":"closed","ping_status":"closed","template":"","meta":{"footnotes":""},"class_list":["post-233","page","type-page","status-publish","hentry"],"jetpack_sharing_enabled":true,"_links":{"self":[{"href":"https:\/\/guilde-vignerons-thoronet.com\/index.php\/wp-json\/wp\/v2\/pages\/233","targetHints":{"allow":["GET"]}}],"collection":[{"href":"https:\/\/guilde-vignerons-thoronet.com\/index.php\/wp-json\/wp\/v2\/pages"}],"about":[{"href":"https:\/\/guilde-vignerons-thoronet.com\/index.php\/wp-json\/wp\/v2\/types\/page"}],"author":[{"embeddable":true,"href":"https:\/\/guilde-vignerons-thoronet.com\/index.php\/wp-json\/wp\/v2\/users\/1"}],"replies":[{"embeddable":true,"href":"https:\/\/guilde-vignerons-thoronet.com\/index.php\/wp-json\/wp\/v2\/comments?post=233"}],"version-history":[{"count":34,"href":"https:\/\/guilde-vignerons-thoronet.com\/index.php\/wp-json\/wp\/v2\/pages\/233\/revisions"}],"predecessor-version":[{"id":278,"href":"https:\/\/guilde-vignerons-thoronet.com\/index.php\/wp-json\/wp\/v2\/pages\/233\/revisions\/278"}],"wp:attachment":[{"href":"https:\/\/guilde-vignerons-thoronet.com\/index.php\/wp-json\/wp\/v2\/media?parent=233"}],"curies":[{"name":"wp","href":"https:\/\/api.w.org\/{rel}","templated":true}]}}